{"id":583,"date":"2025-06-18T08:56:45","date_gmt":"2025-06-18T08:56:45","guid":{"rendered":"https:\/\/tekahcomvn262.mbws.vn\/chinh-sach-quyen-rieng-tu"},"modified":"2025-06-18T08:56:45","modified_gmt":"2025-06-18T08:56:45","slug":"chinh-sach-quyen-rieng-tu","status":"publish","type":"page","link":"https:\/\/tekahcomvn262.mbws.vn\/en\/chinh-sach-quyen-rieng-tu","title":{"rendered":"Ch\u00ednh s\u00e1ch quy\u1ec1n ri\u00eang t\u01b0"},"content":{"rendered":"<h3><strong>1.<\/strong>\u00a0<strong>M\u1ee5c \u0111\u00edch thu th\u1eadp th\u00f4ng tin c\u00e1 nh\u00e2n Ng\u01b0\u1eddi Ti\u00eau D\u00f9ng<\/strong><\/h3>\n<p>Vi\u1ec7c thu th\u1eadp d\u1eef li\u1ec7u tr\u00ean website c\u1ee7a ch\u00fang t\u00f4i bao g\u1ed3m: H\u1ecd t\u00ean, email v\u00e0 s\u1ed1 \u0111i\u1ec7n tho\u1ea1i c\u1ee7a Ng\u01b0\u1eddi Ti\u00eau D\u00f9ng. \u0110\u00e2y l\u00e0 c\u00e1c th\u00f4ng tin c\u01a1 b\u1ea3n c\u1ea7n thi\u1ebft \u0111\u1ec3 ch\u00fang t\u00f4i c\u00f3 th\u1ec3 ti\u1ec7n li\u00ean h\u1ec7 l\u1ea1i v\u1edbi Ng\u01b0\u1eddi Ti\u00eau D\u00f9ng nh\u1eb1m m\u1ee5c \u0111\u00edch t\u01b0 v\u1ea5n b\u00e1n h\u00e0ng ho\u1eb7c c\u00e1c v\u1ea5n \u0111\u1ec1 li\u00ean quan nh\u1eb1m \u0111\u1ea3m b\u1ea3o quy\u1ec1n l\u1ee3i cho cho Ng\u01b0\u1eddi Ti\u00eau D\u00f9ng.<\/p>\n<p>Vi\u1ec7c thu th\u1eadp th\u00f4ng tin c\u1ee7a Ng\u01b0\u1eddi Ti\u00eau D\u00f9ng kh\u00f4ng nh\u1eb1m m\u1ee5c \u0111\u00edch c\u00e1 nh\u00e2n, ch\u00fang ch\u1ec9 \u0111\u01b0\u1ee3c s\u1eed d\u1ee5ng \u0111\u1ec3 c\u1ea3i thi\u1ec7n d\u1ecbch v\u1ee5 Ng\u01b0\u1eddi Ti\u00eau D\u00f9ng c\u1ee7a c\u00f4ng ty ch\u00fang t\u00f4i c\u0169ng nh\u01b0 gi\u1ea3i quy\u1ebft k\u1ecbp th\u1eddi nhu c\u1ea7u c\u1ee7a Ng\u01b0\u1eddi Ti\u00eau D\u00f9ng.<\/p>\n<h3><strong>2. Ph\u1ea1m vi s\u1eed d\u1ee5ng th\u00f4ng tin<\/strong><\/h3>\n<p>Th\u00f4ng tin do Ng\u01b0\u1eddi Ti\u00eau D\u00f9ng cung c\u1ea5p \u0111\u01b0\u1ee3c s\u1eed d\u1ee5ng v\u1edbi m\u1ee5c \u0111\u00edch:<\/p>\n<ul>\n<li>Li\u00ean h\u1ec7 t\u01b0 v\u1ea5n s\u1ea3n ph\u1ea9m, g\u1eb7p m\u1eb7t, x\u00e1c nh\u1eadn \u0111\u01a1n h\u00e0ng, th\u00f4ng tin giao h\u00e0ng, \u0111\u01a1n \u0111\u1eb7t h\u00e0ng, khi\u1ebfu n\u1ea1i t\u1eeb ph\u00eda Ng\u01b0\u1eddi Ti\u00eau D\u00f9ng.<\/li>\n<li>G\u1eedi email ti\u1ebfp th\u1ecb, khuy\u1ebfn m\u1ea1i v\u1ec1 s\u1ea3n ph\u1ea9m, ki\u1ebfn th\u1ee9c li\u00ean quan, c\u00e1c th\u00f4ng tin v\u1ec1 g\u1eb7p m\u1eb7t, x\u00e1c nh\u1eadn \u0111\u01a1n h\u00e0ng, th\u00f4ng tin giao h\u00e0ng, \u0111\u01a1n \u0111\u1eb7t h\u00e0ng, khi\u1ebfu n\u1ea1i t\u1eeb ph\u00eda Ng\u01b0\u1eddi Ti\u00eau D\u00f9ng.<\/li>\n<li>Khi c\u00f3 y\u00eau c\u1ea7u c\u1ee7a c\u01a1 quan t\u01b0 ph\u00e1p bao g\u1ed3m: Vi\u1ec7n ki\u1ec3m s\u00e1t, t\u00f2a \u00e1n, c\u01a1 quan c\u00f4ng an \u0111i\u1ec1u tra li\u00ean quan \u0111\u1ebfn h\u00e0nh vi vi ph\u1ea1m ph\u00e1p lu\u1eadt n\u00e0o \u0111\u00f3 c\u1ee7a Ng\u01b0\u1eddi Ti\u00eau D\u00f9ng.<\/li>\n<\/ul>\n<h3><strong>3.<\/strong>\u00a0<strong>Th\u1eddi gian l\u01b0u tr\u1eef th\u00f4ng tin<\/strong><\/h3>\n<p>D\u1eef li\u1ec7u c\u00e1 nh\u00e2n c\u1ee7a Ng\u01b0\u1eddi Ti\u00eau D\u00f9ng \u0111\u01b0\u1ee3c l\u01b0u tr\u1eef b\u1ea3o m\u1eadt tr\u00ean h\u1ec7 th\u1ed1ng c\u1ee7a ch\u00fang t\u00f4i. Ch\u1ec9 n\u00e0o Ng\u01b0\u1eddi Ti\u00eau D\u00f9ng kh\u00f4ng c\u00f2n ti\u1ec1m n\u0103ng hay kh\u00f4ng c\u00f2n s\u1eed d\u1ee5ng d\u1ecbch v\u1ee5 c\u1ee7a ch\u00fang t\u00f4i, ban l\u00e3nh \u0111\u1ea1o s\u1ebd y\u00eau c\u1ea7u h\u1ee7y th\u00f4ng tin c\u1ee7a Ng\u01b0\u1eddi Ti\u00eau D\u00f9ng.<\/p>\n<h3><strong>4. Nh\u1eefng ng\u01b0\u1eddi ho\u1eb7c t\u1ed5 ch\u1ee9c c\u00f3 th\u1ec3 \u0111\u01b0\u1ee3c ti\u1ebfp c\u1eadn v\u1edbi th\u00f4ng tin \u0111\u00f3<\/strong><\/h3>\n<p>Nh\u1eefng th\u00f4ng tin thu th\u1eadp c\u1ee7a Ng\u01b0\u1eddi Ti\u00eau D\u00f9ng s\u1ebd \u0111\u01b0\u1ee3c ban l\u00e3nh \u0111\u1ea1o v\u00e0 c\u00e1c b\u1ed9 ph\u1eadn trong c\u00f4ng ty c\u00f3 li\u00ean quan s\u1eed d\u1ee5ng.<br \/>\nC\u00e1c c\u01a1 quan ch\u1ee9c n\u0103ng c\u00f3 th\u1ea9m quy\u1ec1n khi c\u00f3 y\u00eau c\u1ea7u li\u00ean quan \u0111\u1ebfn c\u00e1c h\u00e0nh vi ph\u1ea1m ph\u00e1p li\u00ean quan \u0111\u1ebfn Ng\u01b0\u1eddi Ti\u00eau D\u00f9ng.<\/p>\n<h3><strong>5. \u0110\u1ecba ch\u1ec9 c\u1ee7a \u0111\u01a1n v\u1ecb thu th\u1eadp v\u00e0 qu\u1ea3n l\u00fd th\u00f4ng tin, bao g\u1ed3m c\u00e1ch th\u1ee9c li\u00ean l\u1ea1c \u0111\u1ec3 Ng\u01b0\u1eddi Ti\u00eau D\u00f9ng c\u00f3 th\u1ec3 h\u1ecfi v\u1ec1 ho\u1ea1t \u0111\u1ed9ng thu th\u1eadp, x\u1eed l\u00fd th\u00f4ng tin li\u00ean quan \u0111\u1ebfn c\u00e1 nh\u00e2n m\u00ecnh<\/strong><\/h3>\n<ul>\n<li>C\u01a1 kh\u00ed M\u1eaft B\u00e3o WS<\/li>\n<li><strong>\u0110\u1ecba ch\u1ec9:<\/strong> 54 \u0111\u01b0\u1eddng C1, Ph\u01b0\u1eddng T\u00e2n B\u00ecnh, TP. H\u1ed3 Ch\u00ed Minh<\/li>\n<li><strong>Hotline:<\/strong> <a href=\"tel:(028) 7777 7999\">(028) 7777 7999<\/a><\/li>\n<\/ul>\n<h3><strong>6. Ph\u01b0\u01a1ng th\u1ee9c v\u00e0 c\u00f4ng c\u1ee5 \u0111\u1ec3 Ng\u01b0\u1eddi Ti\u00eau D\u00f9ng ti\u1ebfp c\u1eadn v\u00e0 ch\u1ec9nh s\u1eeda d\u1eef li\u1ec7u c\u00e1 nh\u00e2n c\u1ee7a m\u00ecnh tr\u00ean h\u1ec7 th\u1ed1ng th\u01b0\u01a1ng m\u1ea1i \u0111i\u1ec7n t\u1eed c\u1ee7a \u0111\u01a1n v\u1ecb thu th\u1eadp th\u00f4ng tin<\/strong><\/h3>\n<p>Qu\u00fd Ng\u01b0\u1eddi Ti\u00eau D\u00f9ng c\u00f3 quy\u1ec1n ch\u1ec9nh s\u1eeda ho\u1eb7c h\u1ee7y b\u1ecf th\u00f4ng tin c\u00e1 nh\u00e2n c\u1ee7a m\u00ecnh b\u1eb1ng c\u00e1ch li\u00ean h\u1ec7 tr\u1ef1c ti\u1ebfp v\u1edbi ch\u00fang t\u00f4i theo s\u1ed1 hotline. Khi ti\u1ebfp nh\u1eadn nh\u1eefng ph\u1ea3n h\u1ed3i n\u00e0y, ch\u00fang t\u00f4i s\u1ebd x\u00e1c nh\u1eadn l\u1ea1i th\u00f4ng tin, tr\u01b0\u1eddng h\u1ee3p \u0111\u00fang nh\u01b0 ph\u1ea3n \u00e1nh c\u1ee7a th\u00e0nh vi\u00ean t\u00f9y theo m\u1ee9c \u0111\u1ed9, ch\u00fang t\u00f4i s\u1ebd c\u00f3 nh\u1eefng bi\u1ec7n ph\u00e1p x\u1eed l\u00fd k\u1ecbp th\u1eddi trong v\u00f2ng 24 gi\u1edd.<\/p>\n<h3><strong>7.<\/strong>\u00a0<strong>C\u01a1 ch\u1ebf ti\u1ebfp nh\u1eadn v\u00e0 gi\u1ea3i quy\u1ebft khi\u1ebfu n\u1ea1i c\u1ee7a Ng\u01b0\u1eddi Ti\u00eau D\u00f9ng li\u00ean quan \u0111\u1ebfn vi\u1ec7c th\u00f4ng tin c\u00e1 nh\u00e2n b\u1ecb s\u1eed d\u1ee5ng sai m\u1ee5c \u0111\u00edch ho\u1eb7c ph\u1ea1m vi \u0111\u00e3 th\u00f4ng b\u00e1o<\/strong><\/h3>\n<p>Khi pha\u0301t hi\u00ea\u0323n th\u00f4ng tin ca\u0301 nh\u00e2n cu\u0309a mi\u0300nh bi\u0323 s\u01b0\u0309 du\u0323ng sai mu\u0323c \u0111i\u0301ch ho\u0103\u0323c pha\u0323m vi, Qu\u00fd Ng\u01b0\u1eddi Ti\u00eau D\u00f9ng khi\u00ea\u0301u na\u0323i \u0111\u00ea\u0301n s\u1ed1 hotline. Khi ti\u1ebfp nh\u1eadn nh\u1eefng ph\u1ea3n h\u1ed3i n\u00e0y, ch\u00fang t\u00f4i s\u1ebd x\u00e1c nh\u1eadn l\u1ea1i th\u00f4ng tin, tr\u01b0\u1eddng h\u1ee3p \u0111\u00fang nh\u01b0 ph\u1ea3n \u00e1nh c\u1ee7a th\u00e0nh vi\u00ean t\u00f9y theo m\u1ee9c \u0111\u1ed9, ch\u00fang t\u00f4i s\u1ebd c\u00f3 nh\u1eefng bi\u1ec7n ph\u00e1p x\u1eed l\u00fd k\u1ecbp th\u1eddi trong v\u00f2ng 24 gi\u1edd.<\/p>\n<h3><strong>8. Cam K\u1ebft B\u1ea3o M\u1eadt Th\u00f4ng Tin C\u00e1 Nh\u00e2n c\u1ee7a Ng\u01b0\u1eddi Ti\u00eau D\u00f9ng<\/strong><\/h3>\n<p>Th\u00f4ng tin c\u00e1 nh\u00e2n c\u1ee7a Ng\u01b0\u1eddi Ti\u00eau D\u00f9ng \u0111\u01b0\u1ee3c cam k\u1ebft b\u1ea3o m\u1eadt tuy\u1ec7t \u0111\u1ed1i theo ch\u00ednh s\u00e1ch b\u1ea3o v\u1ec7 th\u00f4ng tin c\u00e1 nh\u00e2n. Vi\u1ec7c thu th\u1eadp v\u00e0 s\u1eed d\u1ee5ng th\u00f4ng tin c\u1ee7a Ng\u01b0\u1eddi Ti\u00eau D\u00f9ng ch\u1ec9 \u0111\u01b0\u1ee3c th\u1ef1c hi\u1ec7n khi c\u00f3 s\u1ef1 \u0111\u1ed3ng \u00fd c\u1ee7a Ng\u01b0\u1eddi Ti\u00eau D\u00f9ng \u0111\u00f3 tr\u1eeb nh\u1eefng tr\u01b0\u1eddng h\u1ee3p ph\u00e1p lu\u1eadt c\u00f3 quy \u0111\u1ecbnh kh\u00e1c.<\/p>\n<p>Kh\u00f4ng s\u1eed d\u1ee5ng, kh\u00f4ng chuy\u1ec3n giao, cung c\u1ea5p hay ti\u1ebft l\u1ed9 cho b\u00ean th\u1ee9 3 n\u00e0o v\u1ec1 th\u00f4ng tin c\u00e1 nh\u00e2n c\u1ee7a Ng\u01b0\u1eddi Ti\u00eau D\u00f9ng khi kh\u00f4ng c\u00f3 s\u1ef1 cho ph\u00e9p \u0111\u1ed3ng \u00fd t\u1eeb Ng\u01b0\u1eddi Ti\u00eau D\u00f9ng.<\/p>\n<p>Trong tr\u01b0\u1eddng h\u1ee3p m\u00e1y ch\u1ee7 l\u01b0u tr\u1eef th\u00f4ng tin b\u1ecb hacker t\u1ea5n c\u00f4ng d\u1eabn \u0111\u1ebfn m\u1ea5t d\u1eef li\u1ec7u c\u00e1 nh\u00e2n Ng\u01b0\u1eddi Ti\u00eau D\u00f9ng, ch\u00fang t\u00f4i s\u1ebd c\u00f3 tr\u00e1ch nhi\u1ec7m th\u00f4ng b\u00e1o v\u1ee5 vi\u1ec7c cho c\u01a1 quan ch\u1ee9c n\u0103ng \u0111i\u1ec1u tra x\u1eed l\u00fd k\u1ecbp th\u1eddi v\u00e0 th\u00f4ng b\u00e1o cho Ng\u01b0\u1eddi Ti\u00eau D\u00f9ng \u0111\u01b0\u1ee3c bi\u1ebft.<\/p>\n<p>Ban qu\u1ea3n l\u00fd y\u00eau c\u1ea7u c\u00e1c c\u00e1 nh\u00e2n ph\u1ea3i cung c\u1ea5p \u0111\u1ea7y \u0111\u1ee7 th\u00f4ng tin c\u00e1 nh\u00e2n c\u00f3 li\u00ean quan nh\u01b0: H\u1ecd v\u00e0 t\u00ean, email, \u0111i\u1ec7n tho\u1ea1i,\u2026., v\u00e0 ch\u1ecbu tr\u00e1ch nhi\u1ec7m v\u1ec1 t\u00ednh ph\u00e1p l\u00fd c\u1ee7a nh\u1eefng th\u00f4ng tin tr\u00ean. Ban qu\u1ea3n l\u00fd kh\u00f4ng ch\u1ecbu tr\u00e1ch nhi\u1ec7m c\u0169ng nh\u01b0 kh\u00f4ng gi\u1ea3i quy\u1ebft m\u1ecdi khi\u1ebfu n\u1ea1i c\u00f3 li\u00ean quan \u0111\u1ebfn quy\u1ec1n l\u1ee3i c\u1ee7a Ng\u01b0\u1eddi Ti\u00eau D\u00f9ng \u0111\u00f3 n\u1ebfu x\u00e9t th\u1ea5y t\u1ea5t c\u1ea3 th\u00f4ng tin c\u00e1 nh\u00e2n c\u1ee7a Ng\u01b0\u1eddi Ti\u00eau D\u00f9ng \u0111\u00f3 cung c\u1ea5p khi \u0111\u0103ng k\u00fd ban \u0111\u1ea7u l\u00e0 kh\u00f4ng ch\u00ednh x\u00e1c.<\/p>\n","protected":false},"excerpt":{"rendered":"<p>1.\u00a0M\u1ee5c \u0111\u00edch thu th\u1eadp th\u00f4ng tin c\u00e1 nh\u00e2n Ng\u01b0\u1eddi Ti\u00eau D\u00f9ng Vi\u1ec7c thu th\u1eadp d\u1eef li\u1ec7u tr\u00ean website c\u1ee7a ch\u00fang t\u00f4i bao g\u1ed3m: H\u1ecd t\u00ean, email v\u00e0 s\u1ed1 \u0111i\u1ec7n tho\u1ea1i c\u1ee7a Ng\u01b0\u1eddi Ti\u00eau D\u00f9ng. \u0110\u00e2y l\u00e0 c\u00e1c th\u00f4ng tin c\u01a1 b\u1ea3n c\u1ea7n thi\u1ebft \u0111\u1ec3 ch\u00fang t\u00f4i c\u00f3 th\u1ec3 ti\u1ec7n li\u00ean h\u1ec7 l\u1ea1i v\u1edbi Ng\u01b0\u1eddi Ti\u00eau&#8230;<\/p>\n","protected":false},"author":0,"featured_media":0,"parent":0,"menu_order":4,"comment_status":"closed","ping_status":"closed","template":"page-blank-title-center.php","meta":{"inline_featured_image":false,"footnotes":""},"class_list":["post-583","page","type-page","status-publish","hentry"],"acf":[],"_links":{"self":[{"href":"https:\/\/tekahcomvn262.mbws.vn\/en\/wp-json\/wp\/v2\/pages\/583","targetHints":{"allow":["GET"]}}],"collection":[{"href":"https:\/\/tekahcomvn262.mbws.vn\/en\/wp-json\/wp\/v2\/pages"}],"about":[{"href":"https:\/\/tekahcomvn262.mbws.vn\/en\/wp-json\/wp\/v2\/types\/page"}],"replies":[{"embeddable":true,"href":"https:\/\/tekahcomvn262.mbws.vn\/en\/wp-json\/wp\/v2\/comments?post=583"}],"version-history":[{"count":0,"href":"https:\/\/tekahcomvn262.mbws.vn\/en\/wp-json\/wp\/v2\/pages\/583\/revisions"}],"wp:attachment":[{"href":"https:\/\/tekahcomvn262.mbws.vn\/en\/wp-json\/wp\/v2\/media?parent=583"}],"curies":[{"name":"wp","href":"https:\/\/api.w.org\/{rel}","templated":true}]}}