{"id":581,"date":"2025-06-20T09:04:57","date_gmt":"2025-06-20T02:04:57","guid":{"rendered":"https:\/\/tekahcomvn262.mbws.vn\/gioi-thieu"},"modified":"2025-06-20T09:04:57","modified_gmt":"2025-06-20T02:04:57","slug":"gioi-thieu","status":"publish","type":"page","link":"https:\/\/tekahcomvn262.mbws.vn\/en\/gioi-thieu","title":{"rendered":"Gi\u1edbi thi\u1ec7u"},"content":{"rendered":"  <div id=\"page-header-1663116180\" class=\"page-header-wrapper\">\n  <div class=\"page-title dark simple-title\">\n\n        <div class=\"page-title-bg\">\n      <div class=\"title-bg fill bg-fill\"\n        data-parallax-container=\".page-title\"\n        data-parallax-background\n        data-parallax=\"-\">\n      <\/div>\n      <div class=\"title-overlay fill\"><\/div>\n    <\/div>\n    \n    <div class=\"page-title-inner container align-center flex-row medium-flex-wrap\" >\n              <div class=\"title-wrapper is-large flex-col text-left medium-text-center\">\n          <h1 class=\"entry-title mb-0\">\n            Gi\u1edbi thi\u1ec7u          <\/h1>\n        <\/div>\n                    <div class=\"title-content flex-col flex-right text-right medium-text-center\">\n        <div class=\"title-breadcrumbs pb-half pt-half\"><\/div>      <\/div>\n    <\/div>\n\n     \n<style>\n#page-header-1663116180 .page-title-inner {\n  min-height: 200px;\n}\n#page-header-1663116180 .title-bg {\n  background-image: url(https:\/\/tekahcomvn262.mbws.vn\/wp-content\/uploads\/2025\/08\/industry-bg-3.jpg);\n}\n#page-header-1663116180 .title-overlay {\n  background-color: rgba(0, 0, 0, 0.5);\n}\n@media (min-width:550px) {\n  #page-header-1663116180 .page-title-inner {\n    min-height: 500px;\n  }\n}\n<\/style>\n  <\/div>\n    <\/div>\n  \n\n\t<section class=\"section mbws_contact-home dark\" id=\"section_1060312732\">\n\t\t<div class=\"section-bg fill\" >\n\t\t\t\t\t\t\t\t\t<div class=\"section-bg-overlay absolute fill\"><\/div>\n\t\t\t\n\n\t\t<\/div>\n\n\t\t\n\n\t\t<div class=\"section-content relative\">\n\t\t\t\r\n\r\n<div class=\"row\" style=\"max-width:90%\" id=\"row-665671066\">\r\n\r\n\n\t<div id=\"col-480598174\" class=\"col pb-0 medium-4 small-12 large-4\"  >\n\t\t\t\t<div class=\"col-inner\"  >\n\t\t\t\n\t\t\t\r\n\r\n\n\t\t<div class=\"icon-box featured-box icon-box-left text-left\"  >\n\t\t\t\t\t<div class=\"icon-box-img\" style=\"width: 50px\">\n\t\t\t\t<div class=\"icon\">\n\t\t\t\t\t<div class=\"icon-inner\" style=\"color:#f65425;\">\n\t\t\t\t\t\t<?xml version=\"1.0\" encoding=\"UTF-8\"?>\n<svg xmlns=\"http:\/\/www.w3.org\/2000\/svg\" id=\"Capa_1\" height=\"512\" viewBox=\"0 0 443.294 443.294\" width=\"512\">\n  <path d=\"m221.647 0c-122.214 0-221.647 99.433-221.647 221.647s99.433 221.647 221.647 221.647 221.647-99.433 221.647-221.647-99.433-221.647-221.647-221.647zm0 415.588c-106.941 0-193.941-87-193.941-193.941s87-193.941 193.941-193.941 193.941 87 193.941 193.941-87 193.941-193.941 193.941z\"><\/path>\n  <path d=\"m235.5 83.118h-27.706v144.265l87.176 87.176 19.589-19.589-79.059-79.059z\"><\/path>\n<\/svg>\n\t\t\t\t\t<\/div>\n\t\t\t\t<\/div>\n\t\t\t<\/div>\n\t\t\t\t<div class=\"icon-box-text last-reset\">\n\t\t\t\t\t\t\t\t\t\r\n<h3>Gi\u1edd m\u1edf c\u1eeda<\/h3>\r\nTh\u1ee9 Hai - Th\u1ee9 S\u00e1u: 09:00 - 18:00\r\n\r\n\t\t<\/div>\n\t<\/div>\n\t\n\t\r\n\r\n\t\t<\/div>\n\t\t\t\t\t<\/div>\n\n\t\r\n\n\t<div id=\"col-731326473\" class=\"col pb-0 medium-4 small-12 large-4\"  >\n\t\t\t\t<div class=\"col-inner\"  >\n\t\t\t\n\t\t\t\r\n\r\n\n\t\t<div class=\"icon-box featured-box icon-box-left text-left\"  >\n\t\t\t\t\t<div class=\"icon-box-img\" style=\"width: 50px\">\n\t\t\t\t<div class=\"icon\">\n\t\t\t\t\t<div class=\"icon-inner\" style=\"color:#f65425;\">\n\t\t\t\t\t\t<?xml version=\"1.0\" encoding=\"UTF-8\"?>\n<svg xmlns=\"http:\/\/www.w3.org\/2000\/svg\" xmlns:xlink=\"http:\/\/www.w3.org\/1999\/xlink\" version=\"1.1\" id=\"Capa_1\" x=\"0px\" y=\"0px\" viewBox=\"0 0 368.16 368.16\" style=\"enable-background:new 0 0 368.16 368.16;\" xml:space=\"preserve\">\n<g>\n\t<g>\n\t\t<g>\n\t\t\t<path d=\"M184.08,0c-74.992,0-136,61.008-136,136c0,24.688,11.072,51.24,11.536,52.36c3.576,8.488,10.632,21.672,15.72,29.4     l93.248,141.288c3.816,5.792,9.464,9.112,15.496,9.112s11.68-3.32,15.496-9.104l93.256-141.296     c5.096-7.728,12.144-20.912,15.72-29.4c0.464-1.112,11.528-27.664,11.528-52.36C320.08,61.008,259.072,0,184.08,0z      M293.8,182.152c-3.192,7.608-9.76,19.872-14.328,26.8l-93.256,141.296c-1.84,2.792-2.424,2.792-4.264,0L88.696,208.952     c-4.568-6.928-11.136-19.2-14.328-26.808C74.232,181.816,64.08,157.376,64.08,136c0-66.168,53.832-120,120-120     c66.168,0,120,53.832,120,120C304.08,157.408,293.904,181.912,293.8,182.152z\"><\/path>\n\t\t\t<path d=\"M184.08,64.008c-39.704,0-72,32.304-72,72c0,39.696,32.296,72,72,72c39.704,0,72-32.304,72-72     C256.08,96.312,223.784,64.008,184.08,64.008z M184.08,192.008c-30.872,0-56-25.12-56-56s25.128-56,56-56s56,25.12,56,56     S214.952,192.008,184.08,192.008z\"><\/path>\n\t\t<\/g>\n\t<\/g>\n<\/g>\n<g>\n<\/g>\n<g>\n<\/g>\n<g>\n<\/g>\n<g>\n<\/g>\n<g>\n<\/g>\n<g>\n<\/g>\n<g>\n<\/g>\n<g>\n<\/g>\n<g>\n<\/g>\n<g>\n<\/g>\n<g>\n<\/g>\n<g>\n<\/g>\n<g>\n<\/g>\n<g>\n<\/g>\n<g>\n<\/g>\n<\/svg>\n\t\t\t\t\t<\/div>\n\t\t\t\t<\/div>\n\t\t\t<\/div>\n\t\t\t\t<div class=\"icon-box-text last-reset\">\n\t\t\t\t\t\t\t\t\t\r\n<h3>\u0110\u1ecba ch\u1ec9<\/h3>\r\n54 \u0111\u01b0\u1eddng C1, Ph\u01b0\u1eddng T\u00e2n B\u00ecnh, TP. H\u1ed3 Ch\u00ed Minh\r\n\r\n\t\t<\/div>\n\t<\/div>\n\t\n\t\r\n\r\n\t\t<\/div>\n\t\t\t\t\t<\/div>\n\n\t\r\n\n\t<div id=\"col-1326716020\" class=\"col pb-0 medium-4 small-12 large-4\"  >\n\t\t\t\t<div class=\"col-inner\"  >\n\t\t\t\n\t\t\t\r\n\r\n\n\t\t<div class=\"icon-box featured-box icon-box-left text-left\"  >\n\t\t\t\t\t<div class=\"icon-box-img\" style=\"width: 50px\">\n\t\t\t\t<div class=\"icon\">\n\t\t\t\t\t<div class=\"icon-inner\" style=\"color:#f65425;\">\n\t\t\t\t\t\t<?xml version=\"1.0\" encoding=\"UTF-8\"?>\n<svg xmlns=\"http:\/\/www.w3.org\/2000\/svg\" id=\"Layer_2\" viewBox=\"0 0 100 100\">\n  <g>\n    <g>\n      <path d=\"m67.7922211 97.5c-.0753174 0-.1506424-.0039368-.2259598-.0123062-14.2969284-1.5349426-29.6818085-9.6005325-42.2099571-22.128685-13.8164597-13.8164597-22.1862827-31.187706-22.3895963-46.4682217-.0034459-.2545109.0408597-.510006.1265173-.7507343.4213955-1.2090511.9363253-2.4112091 1.5305126-3.5720158 2.6445532-5.1089306 6.8117423-9.2101536 11.7390194-11.5573664.8230991-.3953047 1.6806602-.7453184 2.5431423-1.0367517 2.9881668-1.0081987 6.3396416-.1447315 8.542614 2.1970663 4.5053883 4.7899294 7.7332993 9.0851126 11.140892 14.8261347 1.7289047 2.9128494 1.4670105 6.6448593-.6512909 9.2864571-1.9307404 2.4082565-3.9008636 4.5437889-6.0235958 6.5286789-1.3143997 1.2297287-1.5275574 3.1688347-.5065594 4.6107368 2.6667061 3.7640076 5.7336388 7.3877144 9.115139 10.7692184 2.8227615 2.8227615 5.8281593 5.4367943 8.9320145 7.7697258 1.4025192 1.0539856 3.3396568.9038391 4.6058121-.3578873 2.0410118-2.031662 4.2233124-3.9077568 6.6709518-5.7351151 2.7139626-2.0247688 6.4528618-2.1576843 9.303196-.3288498 5.6228714 3.6064758 9.8053207 6.9840469 14.435257 11.6573029 2.2649994 2.286171 3.0068741 5.6735764 1.8908691 8.6297455-.3313141.8782349-.7266159 1.7564697-1.1745911 2.6086197-2.5377274 4.7933731-6.7610397 8.77005-11.8950729 11.2034149-1.5659637.7472839-3.2412033 1.3518066-4.975029 1.7948685-.1718068.043808-.3475575.0659638-.5242848.0659638zm-60.5854659-68.2892284c.3126006 14.0926304 8.1960468 30.206583 21.1436234 43.1541595 11.7434477 11.7429562 26.0388998 19.33251 39.2838148 20.8699169 1.3370514-.3647842 2.6268311-.8413162 3.8388367-1.419754 4.3193054-2.0469131 7.8578491-5.3688507 9.9682693-9.3548813.364296-.6931381.6877289-1.4108887.9579926-2.127655.5331421-1.4118729.1649094-3.0423203-.936821-4.1548843-4.4546814-4.4960327-8.2994232-7.6008682-13.7135696-11.0734482-1.3759384-.8821716-3.1772079-.8186646-4.4837303.1575317-2.2856789 1.7062607-4.3193054 3.4538727-6.2160759 5.3432617-2.7735329 2.7612228-7.0362244 3.0728378-10.1381111.7418671-3.2623711-2.4520645-6.4188995-5.1975403-9.381958-8.1605988-3.5498657-3.5498657-6.7718678-7.357193-9.5759201-11.3156548-2.2231579-3.1378212-1.7633648-7.5019264 1.0692406-10.1514015 1.9735699-1.8450813 3.8092995-3.8353882 5.6120453-6.0841446 1.0209999-1.2735405 1.1470222-3.0723495.3135834-4.4768353-3.2810745-5.5278645-6.2485676-9.4769707-10.5841179-14.0857391-1.071703-1.1396399-2.6799965-1.5664501-4.1031914-1.0864725-.6990433.2358046-1.395134.5198526-2.0695648.8442678-4.1056528 1.9558468-7.584136 5.3905163-9.8023701 9.6753616-.4484716.8772508-.8467299 1.7879774-1.1819759 2.7051031z\"><\/path>\n    <\/g>\n    <g>\n      <path d=\"m93.0090103 55.0512848c-.2215347 0-.4469986-.0349541-.6685257-.1087952-1.1096115-.368721-1.7101974-1.5674362-1.3409805-2.6770439 4.1647263-12.524704.9693069-26.0866547-8.3383179-35.3942795-9.3076248-9.3081169-22.8705597-12.5030441-35.3937874-8.3378238-1.1086235.368721-2.3083229-.2313738-2.6770439-1.3409834-.3692131-1.1096096.2313728-2.3083224 1.3409843-2.6770439 14.0547256-4.6722727 29.2766533-1.0859797 39.7239189 9.3617764 10.4482498 10.4477568 14.0360184 25.6691971 9.3622665 39.7244148-.2953643.8880796-1.12191 1.4497785-2.0085143 1.4497785z\"><\/path>\n    <\/g>\n    <g>\n      <path d=\"m79.1167374 50.4149475c-.222023 0-.4479828-.0349541-.6699982-.1092873-1.1091232-.3697052-1.708725-1.5689125-1.3390198-2.6780281 2.405304-7.2159081.5651474-15.0333862-4.8017426-20.4007664-5.3678665-5.366888-13.1843643-7.2075386-20.4012566-4.8017445-1.1066551.3697052-2.3073387-.2298965-2.6780281-1.3390141-.3697052-1.1091175.2298965-2.3083229 1.3390121-2.6780281 8.7478981-2.9172783 18.225853-.6847687 24.7343521 5.8247108 6.5084915 6.5089874 8.740509 15.9864521 5.824707 24.7338543-.2958601.8870966-1.1219175 1.4483034-2.0080259 1.4483034z\"><\/path>\n    <\/g>\n    <g>\n      <path d=\"m65.2313538 45.7869797c-.2244797 0-.4524078-.0359383-.6768875-.1117477-1.1081352-.3741379-1.7033081-1.5753136-1.3291702-2.6829529.6335716-1.8775711.1329155-4.0012894-1.2750168-5.4097137-1.4084244-1.4079361-3.5316505-1.9095726-5.4097137-1.2755089-1.1096115.3761024-2.3097992-.222023-2.6829529-1.3291702-.3736458-1.1081314.2215271-2.3093071 1.3291702-2.6829491 3.442543-1.1613007 7.180954-.2825737 9.7575684 2.2935524 2.5761261 2.5766182 3.4548569 6.3155174 2.2930679 9.7575722-.2983247.8836516-1.1224137 1.4409179-2.0060654 1.4409179z\"><\/path>\n    <\/g>\n  <\/g>\n<\/svg>\n\t\t\t\t\t<\/div>\n\t\t\t\t<\/div>\n\t\t\t<\/div>\n\t\t\t\t<div class=\"icon-box-text last-reset\">\n\t\t\t\t\t\t\t\t\t\r\n<h3>H\u1ed7 tr\u1ee3 kh\u00e1ch h\u00e0ng<\/h3>\r\n<a href=\"tel:(028) 7777 7999\">(028) 7777 7999<\/a>\r\n\r\n\t\t<\/div>\n\t<\/div>\n\t\n\t\r\n\r\n\t\t<\/div>\n\t\t\t\t\t<\/div>\n\n\t\r\n\r\n<\/div>\r\n\r\n\t\t<\/div>\n\n\t\t\n<style>\n#section_1060312732 {\n  padding-top: 10px;\n  padding-bottom: 10px;\n  min-height: 100px;\n  background-color: rgba(0, 0, 0, 0);\n}\n#section_1060312732 .section-bg-overlay {\n  background-color: rgba(0, 0, 0, 0.302);\n}\n<\/style>\n\t<\/section>\n\t\n\n\t<section class=\"section\" id=\"section_1646177592\">\n\t\t<div class=\"section-bg fill\" >\n\t\t\t\t\t\t\t\t\t\n\t\t\t\n\n\t\t<\/div>\n\n\t\t\n\n\t\t<div class=\"section-content relative\">\n\t\t\t\n<div class=\"row\"  id=\"row-164417477\">\n\n\t<div id=\"col-165052005\" class=\"col medium-4 small-12 large-4\"  >\n\t\t\t\t<div class=\"col-inner\"  >\n\t\t\t\n\t\t\t\n\t<div id=\"text-1370044668\" class=\"text\">\n\t\t\n<h3>M\u1ed8T TRONG NH\u1eeeNG TRI\u1ebeT L\u00dd C\u1ee6A VI\u1ec6C X\u00c2Y D\u1ef0NG C\u00d4NG TY L\u00c0 T\u1ea6M QUAN TR\u1eccNG C\u1ee6A T\u1ed0C \u0110\u1ed8. V\u00cc V\u1eacY, CH\u00daNG TA \u1ede \u0110\u00c2Y.<\/h3>\n\t\t\n<style>\n#text-1370044668 {\n  font-size: 1.6rem;\n}\n<\/style>\n\t<\/div>\n\t\n\t\t<\/div>\n\t\t\t\t\t<\/div>\n\n\t\n\n\t<div id=\"col-385706219\" class=\"col medium-4 small-12 large-4\"  >\n\t\t\t\t<div class=\"col-inner\"  >\n\t\t\t\n\t\t\t\n<h3>T\u1ea7m nh\u00ecn c\u1ee7a ch\u00fang t\u00f4i<\/h3>\n<p>Sed ut perspiciatis unde omnis iste natus error sit voluptatem accusantium doloremque laudantium, totam rem aperiam, eaque ipsa quae ab illovente veritatis et quasi architectureo beatae dicta sunt explicabo. Nemo enim ipsam voluptatem quia voluptas ng\u1ed3i aspernatur aut odit aut fugit, sed quia<\/p>\n\t<div class=\"img has-hover x md-x lg-x y md-y lg-y\" id=\"image_2073837659\">\n\t\t\t\t\t\t\t\t<div class=\"img-inner dark\" >\n\t\t\t<img loading=\"lazy\" decoding=\"async\" width=\"700\" height=\"466\" src=\"https:\/\/tekahcomvn262.mbws.vn\/wp-content\/uploads\/2025\/08\/imgi_11_industry-pf3.jpg\" class=\"attachment-original size-original\" alt=\"\" srcset=\"https:\/\/tekahcomvn262.mbws.vn\/wp-content\/uploads\/2025\/08\/imgi_11_industry-pf3.jpg 700w, https:\/\/tekahcomvn262.mbws.vn\/wp-content\/uploads\/2025\/08\/imgi_11_industry-pf3-300x200.jpg 300w, https:\/\/tekahcomvn262.mbws.vn\/wp-content\/uploads\/2025\/08\/imgi_11_industry-pf3-600x399.jpg 600w\" sizes=\"auto, (max-width: 700px) 100vw, 700px\" \/>\t\t\t\t\t\t\n\t\t\t\t\t<\/div>\n\t\t\t\t\t\t\t\t\n<style>\n#image_2073837659 {\n  width: 100%;\n}\n<\/style>\n\t<\/div>\n\t\n\t\t<\/div>\n\t\t\t\t\t<\/div>\n\n\t\n\n\t<div id=\"col-1683693205\" class=\"col medium-4 small-12 large-4\"  >\n\t\t\t\t<div class=\"col-inner\"  >\n\t\t\t\n\t\t\t\n\t<div class=\"img has-hover x md-x lg-x y md-y lg-y\" id=\"image_1229035278\">\n\t\t\t\t\t\t\t\t<div class=\"img-inner dark\" >\n\t\t\t<img loading=\"lazy\" decoding=\"async\" width=\"700\" height=\"466\" src=\"https:\/\/tekahcomvn262.mbws.vn\/wp-content\/uploads\/2025\/08\/imgi_11_industry-pf3.jpg\" class=\"attachment-original size-original\" alt=\"\" srcset=\"https:\/\/tekahcomvn262.mbws.vn\/wp-content\/uploads\/2025\/08\/imgi_11_industry-pf3.jpg 700w, https:\/\/tekahcomvn262.mbws.vn\/wp-content\/uploads\/2025\/08\/imgi_11_industry-pf3-300x200.jpg 300w, https:\/\/tekahcomvn262.mbws.vn\/wp-content\/uploads\/2025\/08\/imgi_11_industry-pf3-600x399.jpg 600w\" sizes=\"auto, (max-width: 700px) 100vw, 700px\" \/>\t\t\t\t\t\t\n\t\t\t\t\t<\/div>\n\t\t\t\t\t\t\t\t\n<style>\n#image_1229035278 {\n  width: 100%;\n}\n<\/style>\n\t<\/div>\n\t\n<h3>S\u1ee9 m\u1ec7nh c\u1ee7a ch\u00fang t\u00f4i<\/h3>\n<p>Sed ut perspiciatis unde omnis iste natus error sit voluptatem accusantium doloremque laudantium, totam rem aperiam, eaque ipsa quae ab illovente veritatis et quasi architectureo beatae dicta sunt explicabo. Nemo enim ipsam voluptatem quia voluptas ng\u1ed3i aspernatur aut odit aut fugit, sed quia<\/p>\n\t\t<\/div>\n\t\t\t\t\t<\/div>\n\n\t\n<\/div>\n\t\t<\/div>\n\n\t\t\n<style>\n#section_1646177592 {\n  padding-top: 60px;\n  padding-bottom: 60px;\n}\n<\/style>\n\t<\/section>\n\t\n\n\t<section class=\"section dark\" id=\"section_181552977\">\n\t\t<div class=\"section-bg fill\" >\n\t\t\t<img loading=\"lazy\" decoding=\"async\" width=\"1920\" height=\"1276\" src=\"https:\/\/tekahcomvn262.mbws.vn\/wp-content\/uploads\/2025\/08\/wide11.jpg\" class=\"bg attachment-original size-original\" alt=\"\" \/>\t\t\t\t\t\t\n\t\t\t\n\n\t\t<\/div>\n\n\t\t\n\n\t\t<div class=\"section-content relative\">\n\t\t\t\n<div class=\"row\"  id=\"row-764100815\">\n\n\t<div id=\"col-1312136251\" class=\"col medium-4 small-12 large-4\"  >\n\t\t\t\t<div class=\"col-inner\"  >\n\t\t\t\n\t\t\t\n\r\n            <div class=\"mbws_counter \">\r\n                <div class=\"counter-style-center\">\r\n                                        <div class=\"counter-content\">\r\n                        <div class=\"counter-number\" style=\"font-size:3rem;\">\r\n                                                            <span class=\"count-up\">35180<\/span>\r\n                                                    <\/div>\r\n                        <h3 class=\"title\">\r\n                            Kh\u00e1ch h\u00e0ng                        <\/h3>\r\n                    <\/div>\r\n                <\/div>\r\n                                    <style>\r\n                        .mbws_counter .counter-icon svg{\r\n                            fill: currentColor;\r\n                            width: 100%;\r\n                            height: unset;\r\n                        }\r\n                        .mbws_counter .counter-number{\r\n                          font-weight: bold;\r\n                        }\r\n                        .mbws_counter .counter-style-center {\r\n                            text-align: center;\r\n                        }\r\n\r\n                                            <\/style>\r\n                            <\/div>\r\n\n\t\t<\/div>\n\t\t\t\t\t<\/div>\n\n\t\n\n\t<div id=\"col-1191909532\" class=\"col medium-4 small-12 large-4\"  >\n\t\t\t\t<div class=\"col-inner\"  >\n\t\t\t\n\t\t\t\n\r\n            <div class=\"mbws_counter \">\r\n                <div class=\"counter-style-center\">\r\n                                        <div class=\"counter-content\">\r\n                        <div class=\"counter-number\" style=\"font-size:3rem;\">\r\n                                                            <span class=\"count-up\">80<\/span>\r\n                                                    <\/div>\r\n                        <h3 class=\"title\">\r\n                            C\u01a1 s\u1edf                        <\/h3>\r\n                    <\/div>\r\n                <\/div>\r\n                                    <style>\r\n                        .mbws_counter .counter-icon svg{\r\n                            fill: currentColor;\r\n                            width: 100%;\r\n                            height: unset;\r\n                        }\r\n                        .mbws_counter .counter-number{\r\n                          font-weight: bold;\r\n                        }\r\n                        .mbws_counter .counter-style-center {\r\n                            text-align: center;\r\n                        }\r\n\r\n                                            <\/style>\r\n                            <\/div>\r\n\n\t\t<\/div>\n\t\t\t\t\t<\/div>\n\n\t\n\n\t<div id=\"col-93559848\" class=\"col medium-4 small-12 large-4\"  >\n\t\t\t\t<div class=\"col-inner\"  >\n\t\t\t\n\t\t\t\n\r\n            <div class=\"mbws_counter \">\r\n                <div class=\"counter-style-center\">\r\n                                        <div class=\"counter-content\">\r\n                        <div class=\"counter-number\" style=\"font-size:3rem;\">\r\n                                                            <span class=\"count-up\">380<\/span>\r\n                                                    <\/div>\r\n                        <h3 class=\"title\">\r\n                            \u0110\u00e1nh gi\u00e1 t\u1ed1t                        <\/h3>\r\n                    <\/div>\r\n                <\/div>\r\n                                    <style>\r\n                        .mbws_counter .counter-icon svg{\r\n                            fill: currentColor;\r\n                            width: 100%;\r\n                            height: unset;\r\n                        }\r\n                        .mbws_counter .counter-number{\r\n                          font-weight: bold;\r\n                        }\r\n                        .mbws_counter .counter-style-center {\r\n                            text-align: center;\r\n                        }\r\n\r\n                                            <\/style>\r\n                            <\/div>\r\n\n\t\t<\/div>\n\t\t\t\t\t<\/div>\n\n\t\n<\/div>\n\t\t<\/div>\n\n\t\t\n<style>\n#section_181552977 {\n  padding-top: 80px;\n  padding-bottom: 80px;\n}\n<\/style>\n\t<\/section>\n\t\n","protected":false},"excerpt":{"rendered":"","protected":false},"author":0,"featured_media":0,"parent":0,"menu_order":8,"comment_status":"closed","ping_status":"closed","template":"page-blank.php","meta":{"inline_featured_image":false,"footnotes":""},"class_list":["post-581","page","type-page","status-publish","hentry"],"acf":[],"_links":{"self":[{"href":"https:\/\/tekahcomvn262.mbws.vn\/en\/wp-json\/wp\/v2\/pages\/581","targetHints":{"allow":["GET"]}}],"collection":[{"href":"https:\/\/tekahcomvn262.mbws.vn\/en\/wp-json\/wp\/v2\/pages"}],"about":[{"href":"https:\/\/tekahcomvn262.mbws.vn\/en\/wp-json\/wp\/v2\/types\/page"}],"replies":[{"embeddable":true,"href":"https:\/\/tekahcomvn262.mbws.vn\/en\/wp-json\/wp\/v2\/comments?post=581"}],"version-history":[{"count":0,"href":"https:\/\/tekahcomvn262.mbws.vn\/en\/wp-json\/wp\/v2\/pages\/581\/revisions"}],"wp:attachment":[{"href":"https:\/\/tekahcomvn262.mbws.vn\/en\/wp-json\/wp\/v2\/media?parent=581"}],"curies":[{"name":"wp","href":"https:\/\/api.w.org\/{rel}","templated":true}]}}